{"id":1325,"date":"2025-10-14T03:26:01","date_gmt":"2025-10-14T03:26:01","guid":{"rendered":"https:\/\/minghanggroup.com\/?post_type=product&#038;p=1325"},"modified":"2025-10-16T15:23:15","modified_gmt":"2025-10-16T07:23:15","slug":"wholesale-rectangular-green-olive-oil-bottles","status":"publish","type":"product","link":"https:\/\/minghanggroup.com\/de\/produkt\/wholesale-rectangular-green-olive-oil-bottles\/","title":{"rendered":"Gro\u00dfhandel mit rechteckigen gr\u00fcnen Oliven\u00f6lflaschen (500 ml, 750 ml, 1000 ml)"},"content":{"rendered":"<p>Diese Oliven\u00f6lflaschen aus gr\u00fcnem Glas bestechen durch ihr klares, rechteckiges Design und die passenden Verschl\u00fcsse in Schwarz, Gold und Gr\u00fcn. Sie sind in verschiedenen Gr\u00f6\u00dfen erh\u00e4ltlich und verk\u00f6rpern eine perfekte Harmonie aus Eleganz und Schlichtheit. Mit ihrer Pr\u00e4senz versch\u00f6nern und bereichern sie Ihre K\u00fcche.<\/p>\n<h2>Produktmerkmale<\/h2>\n<ul>\n<li><strong>Robuste Konstruktion aus gr\u00fcnem Glas:<\/strong> Die Funktion von gr\u00fcnem Glas besteht darin, die UV-Strahlen herauszufiltern, die dazu f\u00fchren k\u00f6nnen, dass das Oliven\u00f6l seine urspr\u00fcngliche Qualit\u00e4t verliert. Dadurch bleibt Ihr Produkt l\u00e4nger frisch, was es f\u00fcr eine gute Lagerung und Pr\u00e4sentation geeignet macht.<\/li>\n<li><strong>Quadratisches Design:<\/strong> Dank ihrer rechteckigen Form passen die Flaschen perfekt und ordentlich zu anderen K\u00fcchenutensilien und sind \u00e4u\u00dferst platzsparend, da sie im leeren Zustand \u00fcbereinandergestapelt werden k\u00f6nnen. So wird kein Platz auf der Arbeitsfl\u00e4che oder im Vorratsschrank verschwendet!<\/li>\n<li><strong>Verschiedene Kappenstile:<\/strong> Die Verf\u00fcgbarkeit der Kappen in Schwarz, Gold, Gr\u00fcn und anderen Farben tr\u00e4gt den unterschiedlichen Stilvorlieben der Kunden Rechnung und gew\u00e4hrleistet gleichzeitig die Sicherheit des Verschlusses.<\/li>\n<\/ul>\n<h2>Wichtigste Spezifikationen<\/h2>\n<table style=\"border-collapse: collapse; margin-left: auto; margin-right: auto; width: 477.77pt;\" border=\"0\" width=\"637\" cellspacing=\"0\" cellpadding=\"0\">\n<tbody>\n<tr style=\"height: 13.50pt;\">\n<td style=\"height: 13.50pt; width: 99.75pt;\" width=\"133\" height=\"18\">Besonderheit<\/td>\n<td style=\"width: 378.00pt;\" width=\"504\">Specification<\/td>\n<\/tr>\n<tr style=\"height: 13.50pt;\">\n<td style=\"height: 13.50pt;\" height=\"18\">Gr\u00f6\u00dfen<\/td>\n<td>5,8 \u00d7 5,8 \u00d7 26,4 cm, 6,5 \u00d7 6,5 \u00d7 30,2 cm, 7,4 \u00d7 7,4 \u00d7 30,0 cm<\/td>\n<\/tr>\n<tr style=\"height: 13.50pt;\">\n<td style=\"height: 13.50pt;\" height=\"18\">Halsumfang<\/td>\n<td>19\u00d730mm Schraubengewinde<\/td>\n<\/tr>\n<tr style=\"height: 13.50pt;\">\n<td style=\"height: 13.50pt;\" height=\"18\">Material<\/td>\n<td>Korpus aus gr\u00fcnem Glas, Metalldeckel<\/td>\n<\/tr>\n<tr style=\"height: 13.50pt;\">\n<td style=\"height: 13.50pt;\" height=\"18\">Form<\/td>\n<td>Quadratische Glasflasche<\/td>\n<\/tr>\n<tr style=\"height: 13.50pt;\">\n<td style=\"height: 13.50pt;\" height=\"18\">Deckeloptionen<\/td>\n<td>Schwarz, Gold, Gr\u00fcn (Kunststoff oder Metall)<\/td>\n<\/tr>\n<tr style=\"height: 13.50pt;\">\n<td style=\"height: 13.50pt;\" height=\"18\">Am besten geeignet f\u00fcr<\/td>\n<td>Oliven\u00f6l, Essig, Speise\u00f6le, Dressings<\/td>\n<\/tr>\n<tr style=\"height: 13.50pt;\">\n<td style=\"height: 13.50pt;\" height=\"18\">Ideale Verwendung<\/td>\n<td>Gr\u00fcne \u00d6lflasche, Essigflaschen, Speise\u00f6lflaschen<\/td>\n<\/tr>\n<\/tbody>\n<\/table>\n<h2>Praktische Auswirkungen<\/h2>\n<p>Ein Hersteller von Luxus-Oliven\u00f6l aus dem Napa Valley stand vor einem Dilemma. Die bisherigen transparenten Glasflaschen trugen nicht zur Qualit\u00e4t des Oliven\u00f6ls bei, und die Kunden legten zunehmend Wert auf die Optik der Verpackung. Daher entschieden sie sich f\u00fcr unsere neue Serie gr\u00fcner \u00d6lflaschen aus Glas \u2013 quadratische 750-ml-Flaschen mit goldenem Schraubverschluss. Die erste Bestellung von 1.000 Flaschen stie\u00df auf sehr positive Resonanz. Der Oliven\u00f6labsatz im Fachhandel stieg um 38 % \u2013 die ansprechende Optik der gr\u00fcnen Glasflaschen begeisterte die Kunden, und sie gaben ihnen die Gewissheit, dass das \u00d6l darin frisch bleibt. Der luftdichte Verschluss verhinderte Verunreinigungen nach dem \u00d6ffnen, wodurch die Lagerf\u00e4higkeit um 25 % gesteigert wurde. F\u00fcnf Monate sp\u00e4ter bestellte der Kunde weitere 250.000 Flaschen.<\/p>\n<h2>Individuell gestaltete Oliven\u00f6lflaschen aus Glas<\/h2>\n<ul>\n<li><strong>Mattierte Abschlussmarkierungen:<\/strong> Erleichtern Sie es den Verbrauchern, den \u00d6lverbrauch beim Kochen oder Backen zu reduzieren, indem Sie klare und pr\u00e4zise Linien (z. B. 100 ml, 250 ml, 500 ml) in das Glas ein\u00e4tzen.<\/li>\n<li><strong>Logo oder Design per Lasergravur:<\/strong> Lassen Sie Ihren Markennamen auf das Glas drucken, um Ihre Markenidentit\u00e4t zu st\u00e4rken. Es ist au\u00dferdem langlebig, elegant und sp\u00fclmaschinenfest.<\/li>\n<li><strong>Dunkelgr\u00fcn:<\/strong> Verwenden Sie f\u00fcr Ihre Glasverpackungen einen intensiveren oder tieferen Gr\u00fcnton, der nicht nur ansprechender wirkt, sondern auch den UV-Schutz erh\u00f6ht.<\/li>\n<li><strong>Gepr\u00e4gte Bandmarkierungen:<\/strong> Das Flaschenglas ist mit der Angabe \u201e750 ml\u201c oder \u201e1 l\u201c versehen. Dies verleiht der Flasche Glanz und erleichtert das Abf\u00fcllen.<\/li>\n<\/ul>\n<p>&nbsp;<\/p>","protected":false},"excerpt":{"rendered":"<p>Gr\u00fcne Glasflaschen f\u00fcr Oliven\u00f6l in rechteckiger Form, erh\u00e4ltlich in drei Gr\u00f6\u00dfen. Ideal f\u00fcr Oliven\u00f6l oder Speise\u00f6l. Perfekt f\u00fcr Gro\u00dfeink\u00e4ufe. Gratisproben.<\/p>","protected":false},"featured_media":1329,"template":"","meta":{"postBodyCss":"","postBodyMargin":[],"postBodyPadding":[],"postBodyBackground":{"backgroundType":"classic","gradient":""}},"product_brand":[],"product_cat":[15,16,18],"product_tag":[],"class_list":{"0":"post-1325","1":"product","2":"type-product","3":"status-publish","4":"has-post-thumbnail","6":"product_cat-glass-containers","7":"product_cat-glass-bottles","8":"product_cat-glass-oil-bottles","10":"first","11":"instock","12":"shipping-taxable","13":"product-type-simple"},"jetpack_sharing_enabled":true,"_links":{"self":[{"href":"https:\/\/minghanggroup.com\/de\/wp-json\/wp\/v2\/product\/1325","targetHints":{"allow":["GET"]}}],"collection":[{"href":"https:\/\/minghanggroup.com\/de\/wp-json\/wp\/v2\/product"}],"about":[{"href":"https:\/\/minghanggroup.com\/de\/wp-json\/wp\/v2\/types\/product"}],"wp:featuredmedia":[{"embeddable":true,"href":"https:\/\/minghanggroup.com\/de\/wp-json\/wp\/v2\/media\/1329"}],"wp:attachment":[{"href":"https:\/\/minghanggroup.com\/de\/wp-json\/wp\/v2\/media?parent=1325"}],"wp:term":[{"taxonomy":"product_brand","embeddable":true,"href":"https:\/\/minghanggroup.com\/de\/wp-json\/wp\/v2\/product_brand?post=1325"},{"taxonomy":"product_cat","embeddable":true,"href":"https:\/\/minghanggroup.com\/de\/wp-json\/wp\/v2\/product_cat?post=1325"},{"taxonomy":"product_tag","embeddable":true,"href":"https:\/\/minghanggroup.com\/de\/wp-json\/wp\/v2\/product_tag?post=1325"}],"curies":[{"name":"wp","href":"https:\/\/api.w.org\/{rel}","templated":true}]}}