{"id":1307,"date":"2025-10-13T03:46:41","date_gmt":"2025-10-13T03:46:41","guid":{"rendered":"https:\/\/minghanggroup.com\/?post_type=product&#038;p=1307"},"modified":"2026-03-02T13:53:01","modified_gmt":"2026-03-02T05:53:01","slug":"embossed-glass-mason-jars-for-jam","status":"publish","type":"product","link":"https:\/\/minghanggroup.com\/de\/produkt\/embossed-glass-mason-jars-for-jam\/","title":{"rendered":"Gepr\u00e4gte Einmachgl\u00e4ser \u2013 Individuelle Beh\u00e4lter (120\u2013620 ml) f\u00fcr Kaviar, Marmelade, Essiggurken"},"content":{"rendered":"<p>Ihr Kaviar verdient diesen Glanz. Wir fertigen diamantgravierte Einmachgl\u00e4ser, die einfache Aufbewahrung in puren Luxus verwandeln. Diese Glasbeh\u00e4lter bestechen durch ein haptisches Muster, optimale Dichtigkeit und kristallklare Sicht \u2013 perfekt f\u00fcr hochwertige Lebensmittelmarken. Verstecken Sie Ihre besten Produkte nicht l\u00e4nger in langweiligen Gl\u00e4sern.<\/p>\n<h2>Produktmerkmale<\/h2>\n<ol>\n<li><strong>Taktiles Diamantmuster:<\/strong>Auf dem strukturierten Glas rutschen Ihre Finger nicht ab \u2013 au\u00dferdem verleiht es Ihrem Produkt sofort ein hochwertiges Aussehen.<\/li>\n<li><strong>Dicker Glasschutz:<\/strong>Dickes Glas h\u00e4lt Kaviar l\u00e4nger frisch \u2013 kein trauriger, abgestandener Fischrogen in d\u00fcnnen Beh\u00e4ltern.<\/li>\n<li><strong>Versiegeln wie ein Profi:<\/strong>Das Design mit Standard\u00f6ffnung passt perfekt auf g\u00e4ngige Deckel von Einmachgl\u00e4sern. Einfach aufschrauben, aufbewahren und auslaufsicher lagern.<\/li>\n<li><strong>Ihre Marke, sofort:<\/strong>Bedrucken Sie Ihre Einmachgl\u00e4ser mit Ihrem Logo. Wir k\u00fcmmern uns um die Beschaffung, die Produktion und die schnelle Lieferung.<\/li>\n<\/ol>\n<h2>Wichtigste Spezifikationen<\/h2>\n<table style=\"border-collapse: collapse; width: 80%; margin-left: auto; margin-right: auto;\" border=\"0\" width=\"288\" cellspacing=\"0\" cellpadding=\"0\">\n<tbody>\n<tr style=\"height: 13.50pt;\">\n<td style=\"height: 13.5pt; width: 54pt; text-align: center;\" width=\"72\" height=\"18\">Modell<\/td>\n<td style=\"width: 54pt; text-align: center;\" width=\"72\">Fassungsverm\u00f6gen (ml)<\/td>\n<td style=\"width: 54pt; text-align: center;\" width=\"72\">Abmessungen (cm)<\/td>\n<td style=\"width: 54pt; text-align: center;\" width=\"72\">Design<\/td>\n<\/tr>\n<tr style=\"height: 13.50pt;\">\n<td style=\"height: 13.5pt; text-align: center;\" align=\"right\" height=\"18\">63012026<\/td>\n<td style=\"text-align: center;\" align=\"right\">120<\/td>\n<td style=\"text-align: center;\">6.4&#215;5.5&#215;6.9<\/td>\n<td class=\"et2\" style=\"text-align: center;\" rowspan=\"7\">Rautenmuster<\/td>\n<\/tr>\n<tr style=\"height: 13.50pt;\">\n<td style=\"height: 13.5pt; text-align: center;\" align=\"right\" height=\"18\">63020027<\/td>\n<td style=\"text-align: center;\" align=\"right\">200<\/td>\n<td style=\"text-align: center;\">6.5&#215;8.7&#215;6.9<\/td>\n<\/tr>\n<tr style=\"height: 13.50pt;\">\n<td style=\"height: 13.5pt; text-align: center;\" align=\"right\" height=\"18\">63027028<\/td>\n<td style=\"text-align: center;\" align=\"right\">270<\/td>\n<td style=\"text-align: center;\">7.5&#215;8.4&#215;8.5<\/td>\n<\/tr>\n<tr style=\"height: 13.50pt;\">\n<td style=\"height: 13.5pt; text-align: center;\" align=\"right\" height=\"18\">63050029<\/td>\n<td style=\"text-align: center;\" align=\"right\">430<\/td>\n<td style=\"text-align: center;\">7.3&#215;11.7&#215;8.5<\/td>\n<\/tr>\n<tr style=\"height: 13.50pt;\">\n<td style=\"height: 13.5pt; text-align: center;\" align=\"right\" height=\"18\">63025030<\/td>\n<td style=\"text-align: center;\" align=\"right\">250<\/td>\n<td style=\"text-align: center;\">6.3&#215;10.5&#215;6.9<\/td>\n<\/tr>\n<tr style=\"height: 13.50pt;\">\n<td style=\"height: 13.5pt; text-align: center;\" align=\"right\" height=\"18\">63035031<\/td>\n<td style=\"text-align: center;\" align=\"right\">350<\/td>\n<td style=\"text-align: center;\">6.6&#215;13.3&#215;6.9<\/td>\n<\/tr>\n<tr style=\"height: 13.50pt;\">\n<td style=\"height: 13.5pt; text-align: center;\" align=\"right\" height=\"18\">63062032<\/td>\n<td style=\"text-align: center;\" align=\"right\">620<\/td>\n<td style=\"text-align: center;\">7.7&#215;16.2&#215;8.5<\/td>\n<\/tr>\n<\/tbody>\n<\/table>\n<h2>Erfolgsbeispiel<\/h2>\n<p>Eine US-amerikanische Lebensmittelmarke kontaktierte uns f\u00fcr ihre neue Kaviar-Linie, um ein individuell gestaltetes Einmachglas in Diamant-Erdnuss-Optik kreieren zu lassen. Um den Look abzurunden, f\u00fcgten wir einen ros\u00e9goldplattierten Deckel und ein individuelles Logo am Boden hinzu, das perfekt zum modernen, eleganten Stil der Marke passt.<\/p>\n<p>Das individuelle Design steigerte nicht nur die Attraktivit\u00e4t des Produkts im Regal, sondern st\u00e4rkte auch das Premium-Image der Marke. Nach der Markteinf\u00fchrung erregten die Tiegel sofort die Aufmerksamkeit der Kundinnen und Kunden im station\u00e4ren Handel und im Online-Shop. Innerhalb von nur drei Monaten stieg der Umsatz um 45 % und machte die Diamantglas-Linie zum Verkaufsschlager.<\/p>\n<h2>Ihre Anpassungstipps<\/h2>\n<p>Ihr Kaviar verdient diesen Glanz. Wir fertigen individuelle Einmachgl\u00e4ser mit Ihrem Logo und Diamantmuster. Ben\u00f6tigen Sie 120-ml-Probiergl\u00e4ser f\u00fcr Verkostungssets? W\u00fcnschen Sie Einmachgl\u00e4ser in Ihren Markenfarben? Beschreiben Sie uns einfach Ihre W\u00fcnsche \u2013 wir setzen sie um. Schnelle Lieferung. Machen Sie Ihr n\u00e4chstes Projekt unvergesslich.<\/p>\n<p>&nbsp;<\/p>","protected":false},"excerpt":{"rendered":"<p>Hochwertige Einmachgl\u00e4ser aus Glas mit Diamantgravur. Verschiedene Modelle f\u00fcr Kaviar, Saucen und Pickles. Gro\u00dfhandel in gro\u00dfen Mengen, individuelle Farbw\u00fcnsche. Bestellen Sie Ihre Einmachgl\u00e4ser noch heute!<\/p>","protected":false},"featured_media":1308,"template":"","meta":{"postBodyCss":"","postBodyMargin":[],"postBodyPadding":[],"postBodyBackground":{"backgroundType":"classic","gradient":""}},"product_brand":[],"product_cat":[15,17,19],"product_tag":[80,95,65,69],"class_list":{"0":"post-1307","1":"product","2":"type-product","3":"status-publish","4":"has-post-thumbnail","6":"product_cat-glass-containers","7":"product_cat-glass-jars","8":"product_cat-glass-mason-jars","9":"product_tag-caviar-jars","10":"product_tag-coffee-tumblers","11":"product_tag-glass-jam-jars","12":"product_tag-storage-jars","14":"first","15":"instock","16":"shipping-taxable","17":"product-type-simple"},"jetpack_sharing_enabled":true,"_links":{"self":[{"href":"https:\/\/minghanggroup.com\/de\/wp-json\/wp\/v2\/product\/1307","targetHints":{"allow":["GET"]}}],"collection":[{"href":"https:\/\/minghanggroup.com\/de\/wp-json\/wp\/v2\/product"}],"about":[{"href":"https:\/\/minghanggroup.com\/de\/wp-json\/wp\/v2\/types\/product"}],"wp:featuredmedia":[{"embeddable":true,"href":"https:\/\/minghanggroup.com\/de\/wp-json\/wp\/v2\/media\/1308"}],"wp:attachment":[{"href":"https:\/\/minghanggroup.com\/de\/wp-json\/wp\/v2\/media?parent=1307"}],"wp:term":[{"taxonomy":"product_brand","embeddable":true,"href":"https:\/\/minghanggroup.com\/de\/wp-json\/wp\/v2\/product_brand?post=1307"},{"taxonomy":"product_cat","embeddable":true,"href":"https:\/\/minghanggroup.com\/de\/wp-json\/wp\/v2\/product_cat?post=1307"},{"taxonomy":"product_tag","embeddable":true,"href":"https:\/\/minghanggroup.com\/de\/wp-json\/wp\/v2\/product_tag?post=1307"}],"curies":[{"name":"wp","href":"https:\/\/api.w.org\/{rel}","templated":true}]}}