{"id":1146,"date":"2025-10-09T09:55:31","date_gmt":"2025-10-09T09:55:31","guid":{"rendered":"https:\/\/minghanggroup.com\/?post_type=product&#038;p=1146"},"modified":"2026-01-20T14:27:03","modified_gmt":"2026-01-20T06:27:03","slug":"the-mason-jar-with-lid-glass-storage","status":"publish","type":"product","link":"https:\/\/minghanggroup.com\/de\/produkt\/the-mason-jar-with-lid-glass-storage\/","title":{"rendered":"Einmachglas mit Deckel \u2013 70\u2013280 ml Glas zur Aufbewahrung von Kaviar und Marmelade"},"content":{"rendered":"<p>Schluss mit langweiligen Verpackungen! Unsere hochwertigen Glasbeh\u00e4lter sind die L\u00f6sung. Diese Einmachgl\u00e4ser mit ihrer praktischen Kombination aus Kennzeichnung und moderner Funktionalit\u00e4t eignen sich perfekt zur Pr\u00e4sentation Ihrer besten Produkte. Jedes einzelne St\u00fcck wird so gestaltet, dass Ihre Saucen, Sirupe und alkoholischen Lebensmittel optimal zur Geltung kommen.<\/p>\n<h2>Produktmerkmale<\/h2>\n<ol>\n<li><strong>Kleines Glas, gro\u00dfe Wirkung:<\/strong>Ihr Fischrogen oder Ihre Premium-Sauce kommt durch unser Glas optimal zur Geltung \u2013 kein tr\u00fcbes Plastik verdeckt Ihr bestes Produkt.<\/li>\n<li><strong>Versiegeln wie ein Profi:<\/strong>Das Einmachglas mit normaler \u00d6ffnung passt perfekt auf Standard-Einmachglasdeckel. Einfach aufschrauben, aufbewahren und sich keine Sorgen mehr um Auslaufen machen.<\/li>\n<li><strong>Stapeln und m\u00fchelos verkaufen:<\/strong>Das kurze, breite Design passt perfekt in Displays. Ideal f\u00fcr 70-ml-Probensets oder 280-ml-Gro\u00dfpackungen.<\/li>\n<\/ol>\n<h2>Wichtigste Spezifikationen<\/h2>\n<p>&nbsp;<\/p>\n<table style=\"border-collapse: collapse; width: 80%; margin-left: auto; margin-right: auto;\" border=\"0\" width=\"366\" cellspacing=\"0\" cellpadding=\"0\">\n<tbody>\n<tr style=\"height: 13.50pt;\">\n<td class=\"et2\" style=\"height: 13.5pt; width: 56.25pt; text-align: center;\" width=\"75\" height=\"18\">Modell<\/td>\n<td class=\"et2\" style=\"width: 56.25pt; text-align: center;\" width=\"75\">Fassungsverm\u00f6gen (ml)<\/td>\n<td class=\"et2\" style=\"width: 54.00pt; text-align: center;\" width=\"72\">Abmessungen (cm)<\/td>\n<td class=\"et2\" style=\"width: 54.00pt; text-align: center;\" width=\"72\">Material<\/td>\n<td class=\"et2\" style=\"width: 54.00pt; text-align: center;\" width=\"72\">Farbe<\/td>\n<\/tr>\n<tr style=\"height: 13.50pt;\">\n<td class=\"et2\" style=\"height: 13.5pt; text-align: center;\" height=\"18\">63007014<\/td>\n<td class=\"et2\" style=\"text-align: center;\">70<\/td>\n<td class=\"et2\" style=\"text-align: center;\">4.7&#215;4.5&#215;6.7<\/td>\n<td class=\"et2\" style=\"text-align: center;\" rowspan=\"6\">Glas<\/td>\n<td class=\"et2\" style=\"text-align: center;\" rowspan=\"6\">Klar oder benutzerdefiniert<\/td>\n<\/tr>\n<tr style=\"height: 13.50pt;\">\n<td class=\"et2\" style=\"height: 13.50pt; text-align: center;\" height=\"18\">63007015<\/td>\n<td class=\"et2\" style=\"text-align: center;\">70<\/td>\n<td class=\"et2\" style=\"text-align: center;\">6.5&#215;4.5&#215;6.7<\/td>\n<\/tr>\n<tr style=\"height: 13.50pt;\">\n<td class=\"et2\" style=\"height: 13.50pt; text-align: center;\" height=\"18\">63012016<\/td>\n<td class=\"et2\" style=\"text-align: center;\">120<\/td>\n<td class=\"et2\" style=\"text-align: center;\">5.4&#215;6.15&#215;6.6<\/td>\n<\/tr>\n<tr style=\"height: 13.50pt;\">\n<td class=\"et2\" style=\"height: 13.50pt; text-align: center;\" height=\"18\">63012517<\/td>\n<td class=\"et2\" style=\"text-align: center;\">125<\/td>\n<td class=\"et2\" style=\"text-align: center;\">6.3&#215;5.6&#215;6.9<\/td>\n<\/tr>\n<tr style=\"height: 13.50pt;\">\n<td class=\"et2\" style=\"height: 13.50pt; text-align: center;\" height=\"18\">63020018<\/td>\n<td class=\"et2\" style=\"text-align: center;\">200<\/td>\n<td class=\"et2\" style=\"text-align: center;\">6.0&#215;8.6&#215;6.9<\/td>\n<\/tr>\n<tr style=\"height: 13.50pt;\">\n<td class=\"et2\" style=\"height: 13.50pt; text-align: center;\" height=\"18\">63028019<\/td>\n<td class=\"et2\" style=\"text-align: center;\">280<\/td>\n<td class=\"et2\" style=\"text-align: center;\">7.5&#215;8.4&#215;8.5<\/td>\n<\/tr>\n<\/tbody>\n<\/table>\n<h2>Erfolgsbeispiel<\/h2>\n<p>Eine Marke f\u00fcr W\u00fcrzmittel verwendete unsere 125-ml-Einmachgl\u00e4ser mit Deckel f\u00fcr ihre neue Linie von Gourmet-Saucen. Das klassische Flaschenhalsdesign passte perfekt zu den Deckeln, und die Kunden waren von den leuchtenden Farben begeistert. Der Umsatz stieg um 40 %, und die Saucen sind nun ihre umsatzst\u00e4rkste Produktkategorie.<\/p>\n<h2>Anpassungstipps<\/h2>\n<p>Sie m\u00f6chten Ihr Produkt unvergesslich machen? Wir helfen Ihnen, individuell gestaltete Glasbeh\u00e4lter mit Ihrem Logo, Ihren Farben oder sogar speziellen \u00d6ffnungsformen zu finden. Ben\u00f6tigen Sie Einmachgl\u00e4ser zum einfachen Bef\u00fcllen? Wir haben sie auf Lager. Bestellen Sie 12er-Packs im Gro\u00dfhandel und profitieren Sie von schneller Lieferung \u2013 ohne Mindestbestellmenge. F\u00fcr Kerzenprojekte sind unsere Einmachgl\u00e4ser mit Standard\u00f6ffnung die ideale L\u00f6sung.<\/p>","protected":false},"excerpt":{"rendered":"<p>Einmachglas mit Deckel f\u00fcr Gourmetverpackungen. Ideal f\u00fcr Saucen, Sirupe und Fischrogen. Gro\u00dfhandel in gro\u00dfen Mengen, keine Mindestbestellmenge. Schnelle Lieferung f\u00fcr Ihren Markenauftritt!<\/p>","protected":false},"featured_media":1186,"template":"","meta":{"postBodyCss":"","postBodyMargin":[],"postBodyPadding":[],"postBodyBackground":{"backgroundType":"classic","gradient":""}},"product_brand":[],"product_cat":[15,17,19],"product_tag":[80,65,69],"class_list":{"0":"post-1146","1":"product","2":"type-product","3":"status-publish","4":"has-post-thumbnail","6":"product_cat-glass-containers","7":"product_cat-glass-jars","8":"product_cat-glass-mason-jars","9":"product_tag-caviar-jars","10":"product_tag-glass-jam-jars","11":"product_tag-storage-jars","13":"first","14":"instock","15":"shipping-taxable","16":"product-type-simple"},"jetpack_sharing_enabled":true,"_links":{"self":[{"href":"https:\/\/minghanggroup.com\/de\/wp-json\/wp\/v2\/product\/1146","targetHints":{"allow":["GET"]}}],"collection":[{"href":"https:\/\/minghanggroup.com\/de\/wp-json\/wp\/v2\/product"}],"about":[{"href":"https:\/\/minghanggroup.com\/de\/wp-json\/wp\/v2\/types\/product"}],"wp:featuredmedia":[{"embeddable":true,"href":"https:\/\/minghanggroup.com\/de\/wp-json\/wp\/v2\/media\/1186"}],"wp:attachment":[{"href":"https:\/\/minghanggroup.com\/de\/wp-json\/wp\/v2\/media?parent=1146"}],"wp:term":[{"taxonomy":"product_brand","embeddable":true,"href":"https:\/\/minghanggroup.com\/de\/wp-json\/wp\/v2\/product_brand?post=1146"},{"taxonomy":"product_cat","embeddable":true,"href":"https:\/\/minghanggroup.com\/de\/wp-json\/wp\/v2\/product_cat?post=1146"},{"taxonomy":"product_tag","embeddable":true,"href":"https:\/\/minghanggroup.com\/de\/wp-json\/wp\/v2\/product_tag?post=1146"}],"curies":[{"name":"wp","href":"https:\/\/api.w.org\/{rel}","templated":true}]}}