{"id":1075,"date":"2025-10-09T09:54:59","date_gmt":"2025-10-09T09:54:59","guid":{"rendered":"https:\/\/minghanggroup.com\/?post_type=product&#038;p=1075"},"modified":"2026-03-02T13:49:19","modified_gmt":"2026-03-02T05:49:19","slug":"mason-jar-storage-canning-container","status":"publish","type":"product","link":"https:\/\/minghanggroup.com\/de\/produkt\/mason-jar-storage-canning-container\/","title":{"rendered":"Aufbewahrung im Einmachglas-Format \u2013 150\u20131000 ml wiederverwendbarer Einmachbeh\u00e4lter f\u00fcr Markenprodukte"},"content":{"rendered":"<p>Entladene Marken erfahren, warum unsere Einmachgl\u00e4ser f\u00fcr ihre Verpackungsanforderungen so beliebt sind. Diese vielseitigen Beh\u00e4lter vereinen zeitloses Design mit moderner Funktionalit\u00e4t und sind damit die ideale Wahl f\u00fcr die Kollektions- und Pr\u00e4sentationsziele Ihrer Marke.<\/p>\n<h2>Produktmerkmale<\/h2>\n<ol>\n<li><strong>Kristallklares Glas:<\/strong>Durch unser hochtransparentes Glas erkennen Sie jedes Detail Ihres Produkts. Ideal zur Pr\u00e4sentation von Sirupen, Essiggurken und vielem mehr.<\/li>\n<li><strong>Standard-Gewindeausf\u00fchrung:<\/strong>Kompatibel mit Deckeln und Ringen f\u00fcr Einmachgl\u00e4ser mit normaler \u00d6ffnung f\u00fcr perfekten Verschluss. Kein Auslaufen oder Versch\u00fctten mehr!<\/li>\n<li><strong>Mehrere Gr\u00f6\u00dfen f\u00fcr jeden Bedarf:<\/strong>Von 150-ml-Proben bis hin zu 1000-ml-Gro\u00dfpackungen \u2013 wir haben die passende Gr\u00f6\u00dfe f\u00fcr Ihr Produktsortiment.<\/li>\n<li><strong>Individuelle Branding-Optionen:<\/strong>Heben Sie Ihre Marke mit individuellen Farben, Gr\u00f6\u00dfen und Logodruck hervor. Wir helfen Ihnen, die perfekte Verpackungsl\u00f6sung zu entwickeln.<\/li>\n<\/ol>\n<h2>Wichtigste Spezifikationen<\/h2>\n<p>&nbsp;<\/p>\n<table style=\"border-collapse: collapse; width: 80%; margin-left: auto; margin-right: auto;\" border=\"0\" width=\"435\" cellspacing=\"0\" cellpadding=\"0\">\n<tbody>\n<tr style=\"height: 13.50pt;\">\n<td class=\"et2\" style=\"height: 13.5pt; width: 56.25pt; text-align: center;\" width=\"75\" height=\"18\">Produkt<\/td>\n<td class=\"et2\" style=\"width: 54pt; text-align: center;\" width=\"72\">Fassungsverm\u00f6gen (ml)<\/td>\n<td class=\"et2\" style=\"width: 54pt; text-align: center;\" width=\"72\">Gewicht (g)<\/td>\n<td class=\"et2\" style=\"width: 54pt; text-align: center;\" width=\"72\">Abmessungen (cm)<\/td>\n<td class=\"et2\" style=\"width: 54pt; text-align: center;\" width=\"72\">Material<\/td>\n<td style=\"width: 54pt; text-align: center;\" width=\"72\">Farbe<\/td>\n<\/tr>\n<tr style=\"height: 13.50pt;\">\n<td class=\"et2\" style=\"height: 13.5pt; text-align: center;\" height=\"18\">63015001<\/td>\n<td class=\"et2\" style=\"text-align: center;\">150<\/td>\n<td class=\"et2\" style=\"text-align: center;\">126<\/td>\n<td class=\"et2\" style=\"text-align: center;\">7.8&#215;7.8&#215;5.1<\/td>\n<td class=\"et2\" style=\"text-align: center;\" rowspan=\"7\">Glas<\/td>\n<td class=\"et2\" style=\"text-align: center;\" rowspan=\"7\">Klar oder benutzerdefiniert<\/td>\n<\/tr>\n<tr style=\"height: 13.50pt;\">\n<td class=\"et2\" style=\"height: 13.50pt; text-align: center;\" height=\"18\">63025002<\/td>\n<td class=\"et2\" style=\"text-align: center;\">250<\/td>\n<td class=\"et2\" style=\"text-align: center;\">152<\/td>\n<td class=\"et2\" style=\"text-align: center;\">7.8&#215;7.8&#215;8<\/td>\n<\/tr>\n<tr style=\"height: 13.50pt;\">\n<td class=\"et2\" style=\"height: 13.50pt; text-align: center;\" height=\"18\">63038003<\/td>\n<td class=\"et2\" style=\"text-align: center;\">380<\/td>\n<td class=\"et2\" style=\"text-align: center;\">207<\/td>\n<td class=\"et2\" style=\"text-align: center;\">7.5&#215;7.5&#215;12<\/td>\n<\/tr>\n<tr style=\"height: 13.50pt;\">\n<td class=\"et2\" style=\"height: 13.50pt; text-align: center;\" height=\"18\">63050004<\/td>\n<td class=\"et2\" style=\"text-align: center;\">500<\/td>\n<td class=\"et2\" style=\"text-align: center;\">255<\/td>\n<td class=\"et2\" style=\"text-align: center;\">8.2&#215;8.2&#215;12.7<\/td>\n<\/tr>\n<tr style=\"height: 13.50pt;\">\n<td class=\"et2\" style=\"height: 13.50pt; text-align: center;\" height=\"18\">63075005<\/td>\n<td class=\"et2\" style=\"text-align: center;\">750<\/td>\n<td class=\"et2\" style=\"text-align: center;\">356<\/td>\n<td class=\"et2\" style=\"text-align: center;\">8.6&#215;8.6&#215;16.3<\/td>\n<\/tr>\n<tr style=\"height: 13.50pt;\">\n<td class=\"et2\" style=\"height: 13.50pt; text-align: center;\" height=\"18\">63085006<\/td>\n<td class=\"et2\" style=\"text-align: center;\">850<\/td>\n<td class=\"et2\" style=\"text-align: center;\">&#8211;<\/td>\n<td class=\"et2\" style=\"text-align: center;\">&#8211;<\/td>\n<\/tr>\n<tr style=\"height: 13.50pt;\">\n<td class=\"et2\" style=\"height: 13.50pt; text-align: center;\" height=\"18\">63100007<\/td>\n<td class=\"et2\" style=\"text-align: center;\">1000<\/td>\n<td class=\"et2\" style=\"text-align: center;\">405<\/td>\n<td class=\"et2\" style=\"text-align: center;\">9.7&#215;9.7&#215;17.5<\/td>\n<\/tr>\n<\/tbody>\n<\/table>\n<h2>Erfolgsgeschichte<\/h2>\n<p>Die Kaffeemarke hat f\u00fcr ihre neue Kaffeesirup-Linie unsere 250-ml-Standard-Mason-Jars ausgew\u00e4hlt. Das klare Glas bringt die leuchtenden Farben optimal zur Geltung, und die Standard-Mason-Jars lassen sich leicht verschlie\u00dfen und lagern. Seit dem Wechsel zu unseren Mason-Jars ist der Umsatz um 30 % gestiegen!<\/p>\n<h2>Tipps zur Personalisierung Ihrer Marke<\/h2>\n<p>Sie m\u00f6chten Ihr Produkt hervorheben? Wir bieten individuelle Farben, Gr\u00f6\u00dfen und Logodruck f\u00fcr Ihre Einmachgl\u00e4ser. Ob Sie Gurken oder So\u00dfen verpacken m\u00f6chten \u2013 wir fertigen die perfekte Aufbewahrungsl\u00f6sung f\u00fcr Ihre Marke. Zahlreiche Marken haben bereits mit unseren individuell gestalteten Einmachgl\u00e4sern ihr Verpackungsdesign optimiert.<\/p>\n<p>&nbsp;<\/p>","protected":false},"excerpt":{"rendered":"<p>Entdecken Sie hochwertige Aufbewahrungsl\u00f6sungen im Einmachglas-Design. Individuell gestaltete Einmachgl\u00e4ser im Gro\u00dfhandel f\u00fcr Lebensmittel, Kerzen, Sirupe und vieles mehr. BPA-frei, langlebig und vielseitig.<\/p>","protected":false},"featured_media":1092,"template":"","meta":{"postBodyCss":"","postBodyMargin":[],"postBodyPadding":[],"postBodyBackground":{"backgroundType":"classic","gradient":""}},"product_brand":[],"product_cat":[15,17,19],"product_tag":[94],"class_list":{"0":"post-1075","1":"product","2":"type-product","3":"status-publish","4":"has-post-thumbnail","6":"product_cat-glass-containers","7":"product_cat-glass-jars","8":"product_cat-glass-mason-jars","9":"product_tag-glass-decoration-bottles","11":"first","12":"instock","13":"shipping-taxable","14":"product-type-simple"},"jetpack_sharing_enabled":true,"_links":{"self":[{"href":"https:\/\/minghanggroup.com\/de\/wp-json\/wp\/v2\/product\/1075","targetHints":{"allow":["GET"]}}],"collection":[{"href":"https:\/\/minghanggroup.com\/de\/wp-json\/wp\/v2\/product"}],"about":[{"href":"https:\/\/minghanggroup.com\/de\/wp-json\/wp\/v2\/types\/product"}],"wp:featuredmedia":[{"embeddable":true,"href":"https:\/\/minghanggroup.com\/de\/wp-json\/wp\/v2\/media\/1092"}],"wp:attachment":[{"href":"https:\/\/minghanggroup.com\/de\/wp-json\/wp\/v2\/media?parent=1075"}],"wp:term":[{"taxonomy":"product_brand","embeddable":true,"href":"https:\/\/minghanggroup.com\/de\/wp-json\/wp\/v2\/product_brand?post=1075"},{"taxonomy":"product_cat","embeddable":true,"href":"https:\/\/minghanggroup.com\/de\/wp-json\/wp\/v2\/product_cat?post=1075"},{"taxonomy":"product_tag","embeddable":true,"href":"https:\/\/minghanggroup.com\/de\/wp-json\/wp\/v2\/product_tag?post=1075"}],"curies":[{"name":"wp","href":"https:\/\/api.w.org\/{rel}","templated":true}]}}