{"id":3,"date":"2025-09-30T08:00:50","date_gmt":"2025-09-30T08:00:50","guid":{"rendered":"https:\/\/minghanggroup.com\/?page_id=3"},"modified":"2025-11-18T17:56:17","modified_gmt":"2025-11-18T09:56:17","slug":"privacy-policy","status":"publish","type":"page","link":"https:\/\/minghanggroup.com\/de\/privacy-policy\/","title":{"rendered":"Datenschutzrichtlinie"},"content":{"rendered":"<div data-elementor-type=\"wp-page\" data-elementor-id=\"3\" class=\"elementor elementor-3\" data-elementor-settings=\"{&quot;ha_cmc_init_switcher&quot;:&quot;no&quot;}\" data-elementor-post-type=\"page\">\n\t\t\t\t<div class=\"elementor-element elementor-element-2f9d824 e-flex e-con-boxed e-con e-parent\" data-id=\"2f9d824\" data-element_type=\"container\" data-e-type=\"container\" data-settings=\"{&quot;_ha_eqh_enable&quot;:false}\">\n\t\t\t\t\t<div class=\"e-con-inner\">\n\t\t\t\t<div class=\"elementor-element elementor-element-e8bd613 elementor-widget elementor-widget-woocommerce-breadcrumb\" data-id=\"e8bd613\" data-element_type=\"widget\" data-e-type=\"widget\" data-widget_type=\"woocommerce-breadcrumb.default\">\n\t\t\t\t\t<nav class=\"woocommerce-breadcrumb\" aria-label=\"Breadcrumb\" data-no-translation=\"\" data-trp-gettext=\"\">Startseite<\/nav>\t\t\t\t<\/div>\n\t\t\t\t\t<\/div>\n\t\t\t\t<\/div>\n\t\t<div class=\"elementor-element elementor-element-4f0cf1d e-flex e-con-boxed e-con e-parent\" data-id=\"4f0cf1d\" data-element_type=\"container\" data-e-type=\"container\" data-settings=\"{&quot;_ha_eqh_enable&quot;:false}\">\n\t\t\t\t\t<div class=\"e-con-inner\">\n\t\t\t\t<div class=\"elementor-element elementor-element-c2230c6 elementor-widget elementor-widget-heading\" data-id=\"c2230c6\" data-element_type=\"widget\" data-e-type=\"widget\" data-widget_type=\"heading.default\">\n\t\t\t\t\t<h1 class=\"elementor-heading-title elementor-size-default\">Datenschutzrichtlinie<\/h1>\t\t\t\t<\/div>\n\t\t\t\t\t<\/div>\n\t\t\t\t<\/div>\n\t\t<div class=\"elementor-element elementor-element-18ba6889 e-flex e-con-boxed e-con e-parent\" data-id=\"18ba6889\" data-element_type=\"container\" data-e-type=\"container\" data-settings=\"{&quot;_ha_eqh_enable&quot;:false}\">\n\t\t\t\t\t<div class=\"e-con-inner\">\n\t\t\t\t<div class=\"elementor-element elementor-element-68856f25 elementor-widget elementor-widget-text-editor\" data-id=\"68856f25\" data-element_type=\"widget\" data-e-type=\"widget\" data-widget_type=\"text-editor.default\">\n\t\t\t\t\t\t\t\t\t<h2>Welche Informationen erfassen wir?<\/h2>\n<p>Wir erfassen Ihre Daten, wenn Sie sich auf unserer Website registrieren, eine Bestellung aufgeben, an einem Gewinnspiel teilnehmen, eine Umfrage oder Kommunikation (z. B. per E-Mail) beantworten oder eine andere Funktion unserer Website nutzen. Bei einer Bestellung oder Registrierung fragen wir Sie m\u00f6glicherweise nach Ihrem Namen, Ihrer E-Mail-Adresse, Ihrer Postanschrift, Ihrer Telefonnummer, Ihren Kreditkarteninformationen oder anderen Angaben. Sie k\u00f6nnen unsere Website jedoch auch anonym besuchen. Wir erfassen au\u00dferdem Daten von Beschenkten, um den Geschenkversand abzuwickeln. Diese Daten werden nicht f\u00fcr Marketingzwecke verwendet. Wie viele andere Websites nutzen auch wir Cookies, um Ihre Benutzererfahrung zu verbessern und Informationen \u00fcber Besucher und deren Besuche auf unseren Websites zu sammeln. Weitere Informationen zu Cookies und deren Verwendung finden Sie im Abschnitt \u201eVerwenden wir Cookies?\u201c weiter unten.<\/p>\n<h2>Wie nutzen wir Ihre Daten?<\/h2>\n<p>Wir k\u00f6nnen die Informationen, die wir von Ihnen bei der Registrierung, beim Kauf von Produkten, bei der Teilnahme an einem Gewinnspiel oder einer Werbeaktion, bei der Beantwortung einer Umfrage oder Marketingaktion, beim Besuch unserer Website oder bei der Nutzung bestimmter anderer Website-Funktionen erfassen, wie folgt verwenden: Um Ihr Website-Erlebnis zu personalisieren und Ihnen die Inhalte und Produktangebote bereitzustellen, die Sie am meisten interessieren. Um Ihre Kundendienstanfragen besser bearbeiten zu k\u00f6nnen. Um Ihre Transaktionen schnell abzuwickeln. Um ein Gewinnspiel, eine Werbeaktion, eine Umfrage oder eine andere Website-Funktion durchzuf\u00fchren. Wenn Sie sich f\u00fcr unseren E-Mail-Newsletter angemeldet haben, senden wir Ihnen regelm\u00e4\u00dfig E-Mails. Wenn Sie keine Werbe-E-Mails mehr von uns erhalten m\u00f6chten, lesen Sie bitte den Abschnitt \u201eWiderruf Ihrer Einwilligung\u201c weiter unten. Wenn Sie sich nicht f\u00fcr den E-Mail-Newsletter angemeldet haben, erhalten Sie diese E-Mails nicht. Besucher, die sich registrieren oder an anderen Website-Funktionen wie Marketingprogrammen und exklusiven Mitgliederbereichen teilnehmen, k\u00f6nnen selbst entscheiden, ob sie in unsere E-Mail-Liste aufgenommen werden und E-Mail-Benachrichtigungen von uns erhalten m\u00f6chten.<\/p>\n<h2>Wie sch\u00fctzen wir Besucherinformationen?<\/h2>\n<p>Wir setzen verschiedene Sicherheitsma\u00dfnahmen ein, um die Sicherheit Ihrer pers\u00f6nlichen Daten zu gew\u00e4hrleisten. Ihre pers\u00f6nlichen Daten werden in gesicherten Netzwerken gespeichert und sind nur f\u00fcr eine begrenzte Anzahl von Personen mit speziellen Zugriffsrechten zug\u00e4nglich. Diese Personen sind zur Vertraulichkeit verpflichtet. Wenn Sie Bestellungen aufgeben oder auf Ihre pers\u00f6nlichen Daten zugreifen, nutzen wir einen sicheren Server. Alle sensiblen Daten und Kreditkarteninformationen werden per Secure Socket Layer (SSL) verschl\u00fcsselt und anschlie\u00dfend in unseren Datenbanken gespeichert. Der Zugriff ist nur wie oben beschrieben m\u00f6glich.<\/p>\n<h2>Verwenden wir \u201eCookies\u201c?<\/h2>\n<p>Ja. Cookies sind kleine Dateien, die eine Website oder ihr Dienstanbieter \u00fcber Ihren Webbrowser auf die Festplatte Ihres Computers \u00fcbertr\u00e4gt (sofern Sie dies zulassen). Dadurch k\u00f6nnen die Systeme der Website oder des Dienstanbieters Ihren Browser erkennen und bestimmte Informationen erfassen und speichern. Wir verwenden Cookies beispielsweise, um uns die Artikel in Ihrem Warenkorb zu merken und diese zu verarbeiten. Sie helfen uns auch, Ihre Pr\u00e4ferenzen basierend auf Ihren vorherigen oder aktuellen Website-Aktivit\u00e4ten zu verstehen, sodass wir Ihnen verbesserte Dienste anbieten k\u00f6nnen. Dar\u00fcber hinaus verwenden wir Cookies, um aggregierte Daten \u00fcber Website-Traffic und -Interaktionen zu erfassen, damit wir Ihnen zuk\u00fcnftig ein besseres Website-Erlebnis und optimierte Tools bieten k\u00f6nnen. Wir arbeiten gegebenenfalls mit externen Dienstleistern zusammen, um unsere Website-Besucher besser zu verstehen. Diese Dienstleister d\u00fcrfen die in unserem Auftrag gesammelten Informationen ausschlie\u00dflich zur Durchf\u00fchrung und Verbesserung unserer Gesch\u00e4ftst\u00e4tigkeit verwenden. Sie k\u00f6nnen Ihren Computer so einstellen, dass er Sie jedes Mal warnt, wenn ein Cookie gesendet wird, oder Sie k\u00f6nnen alle Cookies deaktivieren. Diese Einstellungen nehmen Sie in Ihrem Browser (z. B. Google Chrome, Microsoft Edge oder Safari) vor. Jeder Browser ist etwas anders. Schauen Sie daher in der Hilfe Ihres Browsers nach, wie Sie Ihre Cookies korrekt \u00e4ndern. Wenn Sie Cookies deaktivieren, stehen Ihnen viele Funktionen, die Ihre Website-Nutzung effizienter gestalten, nicht mehr zur Verf\u00fcgung, und einige unserer Dienste funktionieren nicht mehr einwandfrei. Sie k\u00f6nnen jedoch weiterhin telefonisch \u00fcber unseren Kundenservice Bestellungen aufgeben.<\/p>\n<h2>Geben wir die von uns gesammelten Informationen an Dritte weiter?<\/h2>\n<p>Wir verkaufen, tauschen oder \u00fcbertragen Ihre personenbezogenen Daten nicht an Dritte, es sei denn, wir informieren Sie im Voraus dar\u00fcber, au\u00dfer wie unten beschrieben. Der Begriff \u201eDritte\u201c umfasst nicht unser Unternehmen. Er umfasst auch nicht unsere Website-Hosting-Partner und andere Parteien, die uns beim Betrieb unserer Website, der Durchf\u00fchrung unserer Gesch\u00e4ftst\u00e4tigkeit oder der Erbringung von Dienstleistungen f\u00fcr Sie unterst\u00fctzen, sofern diese Parteien die Vertraulichkeit dieser Informationen wahren. Wir k\u00f6nnen Ihre Daten auch dann weitergeben, wenn wir dies f\u00fcr angemessen halten, um geltendes Recht einzuhalten, unsere Website-Richtlinien durchzusetzen oder unsere oder die Rechte, das Eigentum oder die Sicherheit anderer zu sch\u00fctzen. Nicht-personenbezogene Besucherinformationen k\u00f6nnen jedoch zu Marketing-, Werbe- oder anderen Zwecken an Dritte weitergegeben werden. Wie k\u00f6nnen Sie Ihre uns bereitgestellten Informationen abbestellen, entfernen oder \u00e4ndern? Um Ihre E-Mail-Abonnements zu \u00e4ndern, passen Sie bitte Ihre Einstellungen im Bereich \u201eMein Konto\u201c an. Bitte beachten Sie, dass Sie aufgrund der E-Mail-Produktionsplanung m\u00f6glicherweise bereits in Produktion befindliche E-Mails erhalten. Um alle Ihre Online-Kontoinformationen aus unserer Datenbank zu l\u00f6schen, melden Sie sich im Bereich \u201eMein Konto\u201c unserer Website an und entfernen Sie Ihre Lieferadressen, Rechnungsadressen und Zahlungsinformationen. Bitte beachten Sie, dass wir Informationen zu einzelnen Verkaufstransaktionen speichern, um diese abzuwickeln und unsere Buchhaltung zu f\u00fchren. Um Ihnen einen Mehrwert zu bieten, k\u00f6nnen wir Links zu externen Websites auf unserer Seite einbinden. Diese verlinkten Seiten haben separate und unabh\u00e4ngige Datenschutzrichtlinien. Daher \u00fcbernehmen wir keine Verantwortung oder Haftung f\u00fcr die Inhalte und Aktivit\u00e4ten dieser verlinkten Seiten. Wir sind jedoch bestrebt, die Integrit\u00e4t unserer Website zu sch\u00fctzen und freuen uns \u00fcber jedes Feedback zu diesen verlinkten Seiten (auch wenn ein bestimmter Link nicht funktioniert). \u00c4nderungen unserer Datenschutzrichtlinie werden, falls wir sie \u00e4ndern, auf dieser Seite ver\u00f6ffentlicht. \u00c4nderungen der Richtlinie gelten nur f\u00fcr Informationen, die nach dem Datum der \u00c4nderung erfasst wurden.<\/p>\n<h2>Fragen und Feedback<\/h2>\n<p>Wir freuen uns \u00fcber Ihre Fragen, Kommentare und Anliegen zum Thema Datenschutz. Bitte senden Sie uns Ihr Feedback zum Datenschutz oder zu anderen Themen. Diese Datenschutzrichtlinie gilt ausschlie\u00dflich f\u00fcr die Online-Nutzung unserer Website und nicht f\u00fcr offline erfasste Daten.<\/p>\n<h2>Ihre Zustimmung<\/h2>\n<p>Wenn Sie \u00fcber unsere Website einen Kauf t\u00e4tigen oder eine Anfrage mit pers\u00f6nlichen oder gesch\u00e4ftlichen Daten senden, um ein Angebot zu erhalten, eine Zahlung f\u00fcr eine Bestellung zu leisten oder eine Lieferung zu veranlassen, willigen Sie ein, dass wir diese Daten zu Ihrem Vorteil und\/oder zur Verbesserung unserer Dienstleistungen und Angebote erheben, speichern und nutzen. Sie willigen au\u00dferdem ein, dass wir offenlegen, dass Sie Yeboda-Kunde sind, und dass wir Ihren Firmennamen, Ihr Logo und Ihre Verpackung zur Pr\u00e4sentation unserer Produkte und Dienstleistungen verwenden, sofern nichts anderes vereinbart ist.<\/p>\n<h2>Mit Ihrer Zustimmung<\/h2>\n<p>Sie k\u00f6nnen Ihre Einwilligung zur Erhebung, Nutzung oder Weitergabe Ihrer Daten durch Yeboda jederzeit widerrufen, indem Sie uns kontaktieren. Yeboda beh\u00e4lt sich das Recht vor, zuvor erhobene Daten zur Abwicklung von Bestellungen oder zur Beilegung von Streitigkeiten oder Untersuchungen aufzubewahren. Beim Besuch unserer Website erfassen wir automatisch die IP-Adresse Ihres Ger\u00e4ts, Ihre ungef\u00e4hre geografische Region sowie weitere grundlegende Informationen zu Ihrem Browser und Betriebssystem, um Ihnen einen besseren und personalisierten Service zu bieten.<\/p>\t\t\t\t\t\t\t\t<\/div>\n\t\t\t\t\t<\/div>\n\t\t\t\t<\/div>\n\t\t<div class=\"elementor-element elementor-element-3e7fb34 e-flex e-con-boxed e-con e-parent\" data-id=\"3e7fb34\" data-element_type=\"container\" data-e-type=\"container\" data-settings=\"{&quot;_ha_eqh_enable&quot;:false}\">\n\t\t\t\t\t<div class=\"e-con-inner\">\n\t\t\t\t<div class=\"elementor-element elementor-element-2dd4414 elementor-widget elementor-widget-heading\" data-id=\"2dd4414\" data-element_type=\"widget\" data-e-type=\"widget\" data-widget_type=\"heading.default\">\n\t\t\t\t\t<h2 class=\"elementor-heading-title elementor-size-default\">Starten Sie Ihre Reise in die Welt der Glasverpackungen mit Minghang<\/h2>\t\t\t\t<\/div>\n\t\t\t\t<div class=\"elementor-element elementor-element-f0c79fe elementor-widget elementor-widget-heading\" data-id=\"f0c79fe\" data-element_type=\"widget\" data-e-type=\"widget\" data-widget_type=\"heading.default\">\n\t\t\t\t\t<p class=\"elementor-heading-title elementor-size-default\">Nehmen Sie jetzt Kontakt mit unserem Produktspezialisten auf.<\/p>\t\t\t\t<\/div>\n\t\t\t\t<div class=\"elementor-element elementor-element-0be3d28 elementor-align-center elementor-widget elementor-widget-button\" data-id=\"0be3d28\" data-element_type=\"widget\" data-e-type=\"widget\" data-widget_type=\"button.default\">\n\t\t\t\t\t\t\t\t\t\t<a class=\"elementor-button elementor-button-link elementor-size-sm\" href=\"#elementor-action%3Aaction%3Dpopup%3Aopen%26settings%3DeyJpZCI6IjE3NDYiLCJ0b2dnbGUiOmZhbHNlfQ%3D%3D\">\n\t\t\t\t\t\t<span class=\"elementor-button-content-wrapper\">\n\t\t\t\t\t\t\t\t\t<span class=\"elementor-button-text\">Los geht&#039;s<\/span>\n\t\t\t\t\t<\/span>\n\t\t\t\t\t<\/a>\n\t\t\t\t\t\t\t\t<\/div>\n\t\t\t\t\t<\/div>\n\t\t\t\t<\/div>\n\t\t\t\t<\/div>","protected":false},"excerpt":{"rendered":"<p>Privacy Policy What information do we collect? We collect information from you when you register on the site, place an order, enter a contest or sweepstakes, respond to a survey or communication such as e-mail, or participate in another site feature. When ordering or registering, we may ask you for your name, e-mail address, mailing [\u2026]<\/p>","protected":false},"author":1,"featured_media":0,"parent":0,"menu_order":0,"comment_status":"closed","ping_status":"closed","template":"","meta":{"postBodyCss":"","postBodyMargin":[],"postBodyPadding":[],"postBodyBackground":{"backgroundType":"classic","gradient":""},"footnotes":""},"class_list":["post-3","page","type-page","status-publish","hentry"],"blocksy_meta":[],"jetpack_sharing_enabled":true,"_links":{"self":[{"href":"https:\/\/minghanggroup.com\/de\/wp-json\/wp\/v2\/pages\/3","targetHints":{"allow":["GET"]}}],"collection":[{"href":"https:\/\/minghanggroup.com\/de\/wp-json\/wp\/v2\/pages"}],"about":[{"href":"https:\/\/minghanggroup.com\/de\/wp-json\/wp\/v2\/types\/page"}],"author":[{"embeddable":true,"href":"https:\/\/minghanggroup.com\/de\/wp-json\/wp\/v2\/users\/1"}],"replies":[{"embeddable":true,"href":"https:\/\/minghanggroup.com\/de\/wp-json\/wp\/v2\/comments?post=3"}],"version-history":[{"count":5,"href":"https:\/\/minghanggroup.com\/de\/wp-json\/wp\/v2\/pages\/3\/revisions"}],"predecessor-version":[{"id":3354,"href":"https:\/\/minghanggroup.com\/de\/wp-json\/wp\/v2\/pages\/3\/revisions\/3354"}],"wp:attachment":[{"href":"https:\/\/minghanggroup.com\/de\/wp-json\/wp\/v2\/media?parent=3"}],"curies":[{"name":"wp","href":"https:\/\/api.w.org\/{rel}","templated":true}]}}